{"id":27,"date":"2020-06-28T00:27:42","date_gmt":"2020-06-27T21:27:42","guid":{"rendered":"http:\/\/lignomobilya.com\/?page_id=27"},"modified":"2024-10-22T22:30:46","modified_gmt":"2024-10-22T19:30:46","slug":"ana-sayfa","status":"publish","type":"page","link":"https:\/\/www.lignomobilya.com\/","title":{"rendered":"Ligno Mobilya &#038; Kara Restorasyon"},"content":{"rendered":"\n<p>Mobilya, Dekorasyon, Mimarl\u0131k ve \u0130n\u015faat alanlar\u0131nda 30 y\u0131ll\u0131k tecr\u00fcbesi ile ki\u015fiye \u00f6zel \u00e7\u00f6z\u00fcmler \u00fcretmektedir.<\/p>\n\n\n\n<p>\u00dcretim ve sat\u0131\u015f\u0131m\u0131z\u0131n b\u00fcy\u00fck bir b\u00f6l\u00fcm\u00fc, g\u00fcncel trendlere ve ki\u015fisel zevklere uygun olarak ger\u00e7ekle\u015ftirilmektedir.<\/p>\n\n\n<p>Tasar\u0131m ve ki\u015fisel \u00e7\u00f6z\u00fcmlerimizin oda\u011f\u0131nda daima insan ve i\u015flevsellik yer almaktad\u0131r.<\/p>\n<p>Firmam\u0131zda ger\u00e7ekle\u015ftirilen i\u015fler ba\u015fl\u0131ca \u015fu \u015fekildedir;<\/p>\n<ul>\n<li style=\"list-style-type: none;\">\n<ul>\n<li><span style=\"color: #00ccff;\"><em><strong><a style=\"color: #00ccff;\" href=\"http:\/\/www.lignomobilya.com\/mobilyadekorasyon\/\"><span style=\"color: #ff9900;\">Ligno Mobilya,<\/span><\/a><\/strong><\/em><\/span>\n<ul>\n<li>Mobilya imalat\u0131,\n<ul>\n<li>Mutfak mobilyas\u0131,<\/li>\n<li>Banyo mobilyas\u0131,<\/li>\n<li>Gardolap,<\/li>\n<li>G\u00f6mme Dolap,<\/li>\n<li>TV \u00fcniteleri,<\/li>\n<li>Yerinize \u00f6zel kapama \u00fcniteleri (Merdiven alt\u0131 kapama vs.)<\/li>\n<\/ul>\n<\/li>\n<li>Ah\u015fap do\u011frama i\u015fleri,\n<ul>\n<li>Kap\u0131,<\/li>\n<li>Pencere,<\/li>\n<li>Merdiven,<\/li>\n<li>Teras Kaplama,<\/li>\n<\/ul>\n<\/li>\n<li>Fason Kesim<\/li>\n<\/ul>\n<\/li>\n<\/ul>\n<\/li>\n<li style=\"list-style-type: none;\">\u00a0\n<ul>\n<li><span style=\"color: #0000ff;\"><a style=\"color: #0000ff;\" href=\"http:\/\/www.lignomobilya.com\/mimari-restorasyon\/\"><em><strong>Kara Restorasyon,<\/strong><\/em><\/a><\/span>\n<ul>\n<li>Mimari \u00e7izim ve restorasyon i\u015fleri,\n<ul>\n<li>R\u00f6l\u00f6ve,<\/li>\n<li>Restit\u00fcsyon,<\/li>\n<li>Restorasyon,<\/li>\n<\/ul>\n<\/li>\n<li>Uygulama i\u015fleri,\n<ul>\n<li>Tarihi Eser Koruma ve Uygulama i\u015fleri,<\/li>\n<li>\u0130n\u015faat, onar\u0131m i\u015fleri<\/li>\n<\/ul>\n<\/li>\n<\/ul>\n<\/li>\n<\/ul>\n<\/li>\n<\/ul>","protected":false},"excerpt":{"rendered":"<p>Mobilya, Dekorasyon, Mimarl\u0131k ve \u0130n\u015faat alanlar\u0131nda 30 y\u0131ll\u0131k tecr\u00fcbesi ile ki\u015fiye \u00f6zel \u00e7\u00f6z\u00fcmler \u00fcretmektedir. \u00dcretim ve sat\u0131\u015f\u0131m\u0131z\u0131n b\u00fcy\u00fck bir b\u00f6l\u00fcm\u00fc, g\u00fcncel trendlere ve ki\u015fisel zevklere uygun olarak ger\u00e7ekle\u015ftirilmektedir. Tasar\u0131m ve ki\u015fisel \u00e7\u00f6z\u00fcmlerimizin oda\u011f\u0131nda daima insan ve i\u015flevsellik yer almaktad\u0131r. Firmam\u0131zda ger\u00e7ekle\u015ftirilen i\u015fler ba\u015fl\u0131ca \u015fu \u015fekildedir; Ligno Mobilya, Mobilya imalat\u0131, Mutfak mobilyas\u0131, Banyo mobilyas\u0131, Gardolap, G\u00f6mme &hellip; <\/p>\n<p class=\"link-more\"><a href=\"https:\/\/www.lignomobilya.com\/\" class=\"more-link\">Okumaya devam et<span class=\"screen-reader-text\"> &#8220;Ligno Mobilya &#038; Kara Restorasyon&#8221;<\/span><\/a><\/p>\n","protected":false},"author":1,"featured_media":60,"parent":0,"menu_order":0,"comment_status":"closed","ping_status":"closed","template":"","meta":{"footnotes":""},"class_list":["post-27","page","type-page","status-publish","has-post-thumbnail","hentry"],"_links":{"self":[{"href":"https:\/\/www.lignomobilya.com\/index.php?rest_route=\/wp\/v2\/pages\/27","targetHints":{"allow":["GET"]}}],"collection":[{"href":"https:\/\/www.lignomobilya.com\/index.php?rest_route=\/wp\/v2\/pages"}],"about":[{"href":"https:\/\/www.lignomobilya.com\/index.php?rest_route=\/wp\/v2\/types\/page"}],"author":[{"embeddable":true,"href":"https:\/\/www.lignomobilya.com\/index.php?rest_route=\/wp\/v2\/users\/1"}],"replies":[{"embeddable":true,"href":"https:\/\/www.lignomobilya.com\/index.php?rest_route=%2Fwp%2Fv2%2Fcomments&post=27"}],"version-history":[{"count":8,"href":"https:\/\/www.lignomobilya.com\/index.php?rest_route=\/wp\/v2\/pages\/27\/revisions"}],"predecessor-version":[{"id":572,"href":"https:\/\/www.lignomobilya.com\/index.php?rest_route=\/wp\/v2\/pages\/27\/revisions\/572"}],"wp:featuredmedia":[{"embeddable":true,"href":"https:\/\/www.lignomobilya.com\/index.php?rest_route=\/wp\/v2\/media\/60"}],"wp:attachment":[{"href":"https:\/\/www.lignomobilya.com\/index.php?rest_route=%2Fwp%2Fv2%2Fmedia&parent=27"}],"curies":[{"name":"wp","href":"https:\/\/api.w.org\/{rel}","templated":true}]}}